{"id":7,"date":"2023-03-14T14:13:20","date_gmt":"2023-03-14T13:13:20","guid":{"rendered":"https:\/\/visit.ifak.eu\/?page_id=7"},"modified":"2026-04-06T22:51:57","modified_gmt":"2026-04-06T20:51:57","slug":"brizy-7","status":"publish","type":"page","link":"https:\/\/visit.ifak.eu\/en\/","title":{"rendered":"Besucherformular"},"content":{"rendered":"<div class=\"brz brz-root__container brz-reset-all brz-root__container-page\">\n<section id=\"65e6aec2af4071437b30_xfyoqjzqakydegqqfksyzkzlsrnjqbtgupvw\" class=\"brz-section brz-css-ky51vf brz-css-mgemzy\">\n<div class=\"brz-section__content brz-section--boxed brz-css-11zynky brz-css-4fxd3p\" data-brz-custom-id=\"dyafgkndbwgnnqlhydphhurbhhmuhhjsjlfx\">\n<div class=\"brz-container brz-css-10yjjlg brz-css-fiygr5\">\n<div id=\"\" class=\"brz-css-rk34xf brz-css-18qe0a5 brz-wrapper\">\n<div class=\"brz-image brz-css-kjx766 brz-css-umzgnz\" data-brz-custom-id=\"mqkjgeekoiadgsnpsxsogbqiuejhryafbxpe\"><img decoding=\"async\" class=\"brz-img\" src=\"https:\/\/visit.ifak.eu\/wp-content\/uploads\/2023\/03\/ifak_Logo_rgb.png\" alt=\"\" title=\"ifak_Logo_rgb\" loading=\"lazy\"><\/div>\n<\/div>\n<div id=\"\" class=\"brz-css-rk34xf brz-css-pl00os brz-wrapper\">\n<div class=\"brz-rich-text brz-rich-text__custom brz-css-10pyk48 brz-css-1lqzqhk\" data-brz-custom-id=\"tlehvtxnnnjmcfddzkdzzplanhkfdjdzjdzh\">\n<div data-brz-translate-text=\"1\">\n<h1 class=\"brz-text-lg-center brz-tp-lg-heading1 brz-css-ppiSS\" data-uniq-id=\"aziki\" data-generated-css=\"brz-css-dlpvp\">Visitor registration<\/h1>\n<\/div>\n<\/div>\n<\/div>\n<div id=\"\" class=\"brz-css-rk34xf brz-css-jgzryi brz-wrapper\">\n<div class=\"brz-rich-text brz-rich-text__custom brz-css-10pyk48 brz-css-1y8ib6r\" data-brz-custom-id=\"kvdzjkhmfsbnljnrhmwagigzjaaoyjhkqybk\">\n<div data-brz-translate-text=\"1\">\n<p class=\"brz-fs-sm-22 brz-tp-sm-empty brz-lh-sm-1_6 brz-ls-sm-0 brz-fw-sm-400 brz-fss-sm-px brz-bcp-color7 brz-text-lg-center brz-tp-lg-subtitle brz-css-b764Y\" data-generated-css=\"brz-css-lXWrQ\" data-uniq-id=\"yNzPj\"><span class=\"brz-cp-color7\">Dear guests of the Institute,<\/span><\/p>\n<p class=\"brz-fs-sm-22 brz-tp-sm-empty brz-lh-sm-1_6 brz-ls-sm-0 brz-fw-sm-400 brz-fss-sm-px brz-bcp-color7 brz-text-lg-center brz-tp-lg-subtitle brz-css-mZ6zM\" data-generated-css=\"brz-css-kp0ea\" data-uniq-id=\"l1Dw9\"><span class=\"brz-cp-color7\">to log our visitors it is necessary to register using this form. <\/span><\/p>\n<p class=\"brz-fs-sm-22 brz-tp-sm-empty brz-lh-sm-1_6 brz-ls-sm-0 brz-fw-sm-400 brz-fss-sm-px brz-bcp-color7 brz-text-lg-center brz-tp-lg-subtitle brz-css-uUP88\" data-generated-css=\"brz-css-qQAnB\" data-uniq-id=\"pBVvq\"><span class=\"brz-cp-color7\">Your data will only be used internally for contact tracking and will not be used for any other purpose. We destroy your<\/span><\/p>\n<p class=\"brz-fs-sm-22 brz-tp-sm-empty brz-lh-sm-1_6 brz-ls-sm-0 brz-fw-sm-400 brz-fss-sm-px brz-bcp-color7 brz-text-lg-center brz-tp-lg-subtitle brz-css-d6xbc\" data-generated-css=\"brz-css-uQD2d\" data-uniq-id=\"tmJGD\"><span class=\"brz-cp-color7\">data after the officially provided retention period. <\/span><\/p>\n<p class=\"brz-tp-lg-paragraph brz-css-w2gy8\" data-generated-css=\"brz-css-acCSV\" data-uniq-id=\"ePOHW\"><\/p>\n<\/div>\n<\/div>\n<\/div>\n<\/div>\n<\/div>\n<\/section><\/div>\n<p><!-- version:1752673079 --><\/p>","protected":false},"excerpt":{"rendered":"<p>Besucheranmeldung Liebe G\u00e4ste des Instituts, zur Erfassung unserer Besucher ist eine Anmeldung \u00fcber dieses Formular n\u00f6tig. Ihre Daten werden ausschlie\u00dflich intern zur Kontaktverfolgung genutzt und f\u00fcr keine anderen Zwecke verwendet. Wir vernichten Ihre Daten nach der amtlich vorgesehenen Aufbewahrungsfrist.<\/p>","protected":false},"author":1,"featured_media":0,"parent":0,"menu_order":0,"comment_status":"closed","ping_status":"closed","template":"brizy-blank-template.php","meta":{"footnotes":""},"class_list":["post-7","page","type-page","status-publish","hentry"],"brizy_media":[{"id":15,"url":"https:\/\/visit.ifak.eu\/wp-content\/uploads\/2023\/03\/ifak_Logo_rgb.png","name":"ifak_Logo_rgb.png","meta":{"brizy_attachment_uid":"wp-19bd349cc985b32a2f09eba89edbe32f.png","brizy_post_uid":["92750b19acd963c598eb06b2abeaa896"]}}],"_links":{"self":[{"href":"https:\/\/visit.ifak.eu\/en\/wp-json\/wp\/v2\/pages\/7","targetHints":{"allow":["GET"]}}],"collection":[{"href":"https:\/\/visit.ifak.eu\/en\/wp-json\/wp\/v2\/pages"}],"about":[{"href":"https:\/\/visit.ifak.eu\/en\/wp-json\/wp\/v2\/types\/page"}],"author":[{"embeddable":true,"href":"https:\/\/visit.ifak.eu\/en\/wp-json\/wp\/v2\/users\/1"}],"replies":[{"embeddable":true,"href":"https:\/\/visit.ifak.eu\/en\/wp-json\/wp\/v2\/comments?post=7"}],"version-history":[{"count":30,"href":"https:\/\/visit.ifak.eu\/en\/wp-json\/wp\/v2\/pages\/7\/revisions"}],"predecessor-version":[{"id":1214,"href":"https:\/\/visit.ifak.eu\/en\/wp-json\/wp\/v2\/pages\/7\/revisions\/1214"}],"wp:attachment":[{"href":"https:\/\/visit.ifak.eu\/en\/wp-json\/wp\/v2\/media?parent=7"}],"curies":[{"name":"wp","href":"https:\/\/api.w.org\/{rel}","templated":true}]}}